{"id":204,"date":"2016-03-21T17:13:10","date_gmt":"2016-03-21T17:13:10","guid":{"rendered":"http:\/\/dentalpartenope.it\/?page_id=204"},"modified":"2016-04-19T17:41:51","modified_gmt":"2016-04-19T17:41:51","slug":"implantologia-dentale-2","status":"publish","type":"page","link":"https:\/\/dentalpartenope.it\/index.php\/trattamenti\/implantologia-dentale-2\/","title":{"rendered":"Implantologia Dentale"},"content":{"rendered":"<div id=\"pl-204\"><div class=\"panel-grid\" id=\"pg-204-0\" ><div class=\"siteorigin-panels-stretch iw-med-up iw-all sydney-stretch panel-row-style\" style=\"padding: 0px 0; \" data-stretch-type=\"full-stretched\" ><div class=\"panel-grid-cell\" id=\"pgc-204-0-0\" ><div class=\"so-panel widget widget_sow-hero panel-first-child panel-last-child\" id=\"panel-204-0-0-0\"><div class=\"so-widget-sow-hero so-widget-sow-hero-default-064bc4cdd250\"><div class=\"sow-slider-base \" style=\"display: none\"><ul class=\"sow-slider-images\" data-settings=\"{&quot;pagination&quot;:true,&quot;speed&quot;:800,&quot;timeout&quot;:8000}\">\t\t<li class=\"sow-slider-image sow-slider-image-cover\" style=\"background-color: #1e73be\"  >\n\t\t\t\t\t<div class=\"sow-slider-image-container\">\n\t\t\t<div class=\"sow-slider-image-wrapper\">\n\t\t\t\t\t\t\t<\/div>\n\t\t<\/div>\n\t\t<div class=\"sow-slider-image-overlay sow-slider-image-cover\" style=\"background-image: url(https:\/\/dentalpartenope.it\/wp-content\/uploads\/2016\/03\/cropped-dental-partenope.jpg); opacity: 0.48;\" ><\/div>\t\t<\/li>\n\t\t<\/ul>\t\t\t\t<ol class=\"sow-slider-pagination\">\n\t\t\t\t\t\t\t\t\t\t\t<li><a href=\"#\" data-goto=\"0\">1<\/a><\/li>\n\t\t\t\t\t\t\t\t\t<\/ol>\n\n\t\t\t\t<div class=\"sow-slide-nav sow-slide-nav-next\">\n\t\t\t\t\t<a href=\"#\" data-goto=\"next\" data-action=\"next\">\n\t\t\t\t\t\t<em class=\"sow-sld-icon-thin-right\"><\/em>\n\t\t\t\t\t<\/a>\n\t\t\t\t<\/div>\n\n\t\t\t\t<div class=\"sow-slide-nav sow-slide-nav-prev\">\n\t\t\t\t\t<a href=\"#\" data-goto=\"previous\" data-action=\"prev\">\n\t\t\t\t\t\t<em class=\"sow-sld-icon-thin-left\"><\/em>\n\t\t\t\t\t<\/a>\n\t\t\t\t<\/div>\n\t\t\t\t<\/div><\/div><\/div><\/div><\/div><\/div><div class=\"panel-grid\" id=\"pg-204-1\" ><div style=\"padding: 100px 0; \" class=\"panel-row-style\" ><div class=\"panel-grid-cell\" id=\"pgc-204-1-0\" ><div class=\"so-panel widget widget_sow-editor panel-first-child panel-last-child\" id=\"panel-204-1-0-0\"><div class=\"wow fadeIn panel-widget-style\" data-wow-offset=\"10\" data-wow-iteration=\"1\" ><div class=\"so-widget-sow-editor so-widget-sow-editor-base\">\n<div class=\"siteorigin-widget-tinymce textwidget\">\n\t<h5>Implantologia<\/h5>\n<p>Nella nostra sede, i nostri specialisti operano con tecniche \u201csoft\u201d ovvero a basso impatto biologico, indolori, poco invalidanti per il paziente e con tempi di guarigione ridotti.<\/p>\n<p>Tali soluzioni sono applicabili in tutti i casi clinici, dai pi\u00f9 semplici ai pi\u00f9 complessi con successi duraturi nel tempo. Nuove tecniche e materiali implantari pi\u00f9 sofisticati consentono oggi di posizionare (su indicazione medica) protesi fisse immediate dopo alcune ore.<\/p>\n<p>Grazie all\u2019esperienza dei nostri chirurghi, possiamo affrontare situazioni compromesse in partenza e risolvere i casi pi\u00f9 problematici connessi alla presenza di protesi mobili e alla mancanza di uno o pi\u00f9 elementi dentari.<\/p>\n<\/div>\n<\/div><\/div><\/div><\/div><\/div><\/div><\/div>","protected":false},"excerpt":{"rendered":"<p>1 Implantologia Nella nostra sede, i nostri specialisti operano con tecniche \u201csoft\u201d ovvero a basso impatto biologico, indolori, poco invalidanti per il paziente e con tempi di guarigione ridotti. Tali soluzioni sono applicabili in tutti i casi clinici, dai pi\u00f9 semplici ai pi\u00f9 complessi con successi duraturi nel tempo. Nuove tecniche e materiali implantari pi\u00f9 [&hellip;]<\/p>\n","protected":false},"author":1,"featured_media":0,"parent":13,"menu_order":0,"comment_status":"closed","ping_status":"closed","template":"page-templates\/page_front-page.php","meta":[],"_links":{"self":[{"href":"https:\/\/dentalpartenope.it\/index.php\/wp-json\/wp\/v2\/pages\/204"}],"collection":[{"href":"https:\/\/dentalpartenope.it\/index.php\/wp-json\/wp\/v2\/pages"}],"about":[{"href":"https:\/\/dentalpartenope.it\/index.php\/wp-json\/wp\/v2\/types\/page"}],"author":[{"embeddable":true,"href":"https:\/\/dentalpartenope.it\/index.php\/wp-json\/wp\/v2\/users\/1"}],"replies":[{"embeddable":true,"href":"https:\/\/dentalpartenope.it\/index.php\/wp-json\/wp\/v2\/comments?post=204"}],"version-history":[{"count":1,"href":"https:\/\/dentalpartenope.it\/index.php\/wp-json\/wp\/v2\/pages\/204\/revisions"}],"predecessor-version":[{"id":205,"href":"https:\/\/dentalpartenope.it\/index.php\/wp-json\/wp\/v2\/pages\/204\/revisions\/205"}],"up":[{"embeddable":true,"href":"https:\/\/dentalpartenope.it\/index.php\/wp-json\/wp\/v2\/pages\/13"}],"wp:attachment":[{"href":"https:\/\/dentalpartenope.it\/index.php\/wp-json\/wp\/v2\/media?parent=204"}],"curies":[{"name":"wp","href":"https:\/\/api.w.org\/{rel}","templated":true}]}}