{"id":126,"date":"2016-03-18T11:50:02","date_gmt":"2016-03-18T11:50:02","guid":{"rendered":"http:\/\/dentalpartenope.it\/?page_id=126"},"modified":"2016-04-19T17:26:57","modified_gmt":"2016-04-19T17:26:57","slug":"impianti","status":"publish","type":"page","link":"https:\/\/dentalpartenope.it\/index.php\/impianti\/","title":{"rendered":"Impianti"},"content":{"rendered":"<div id=\"pl-126\"><div class=\"panel-grid\" id=\"pg-126-0\" ><div class=\"siteorigin-panels-stretch iw-med-up iw-all sydney-stretch panel-row-style\" style=\"padding: 0px 0; \" data-stretch-type=\"full-stretched\" ><div class=\"panel-grid-cell\" id=\"pgc-126-0-0\" ><div class=\"so-panel widget widget_sow-hero panel-first-child panel-last-child\" id=\"panel-126-0-0-0\"><div class=\"so-widget-sow-hero so-widget-sow-hero-default-064bc4cdd250\"><div class=\"sow-slider-base \" style=\"display: none\"><ul class=\"sow-slider-images\" data-settings=\"{&quot;pagination&quot;:true,&quot;speed&quot;:800,&quot;timeout&quot;:8000}\">\t\t<li class=\"sow-slider-image sow-slider-image-cover\" style=\"background-color: #1e73be\"  >\n\t\t\t\t\t<div class=\"sow-slider-image-container\">\n\t\t\t<div class=\"sow-slider-image-wrapper\">\n\t\t\t\t\t\t\t<\/div>\n\t\t<\/div>\n\t\t<div class=\"sow-slider-image-overlay sow-slider-image-cover\" style=\"background-image: url(https:\/\/dentalpartenope.it\/wp-content\/uploads\/2016\/03\/cropped-dental-partenope.jpg); opacity: 0.48;\" ><\/div>\t\t<\/li>\n\t\t<\/ul>\t\t\t\t<ol class=\"sow-slider-pagination\">\n\t\t\t\t\t\t\t\t\t\t\t<li><a href=\"#\" data-goto=\"0\">1<\/a><\/li>\n\t\t\t\t\t\t\t\t\t<\/ol>\n\n\t\t\t\t<div class=\"sow-slide-nav sow-slide-nav-next\">\n\t\t\t\t\t<a href=\"#\" data-goto=\"next\" data-action=\"next\">\n\t\t\t\t\t\t<em class=\"sow-sld-icon-thin-right\"><\/em>\n\t\t\t\t\t<\/a>\n\t\t\t\t<\/div>\n\n\t\t\t\t<div class=\"sow-slide-nav sow-slide-nav-prev\">\n\t\t\t\t\t<a href=\"#\" data-goto=\"previous\" data-action=\"prev\">\n\t\t\t\t\t\t<em class=\"sow-sld-icon-thin-left\"><\/em>\n\t\t\t\t\t<\/a>\n\t\t\t\t<\/div>\n\t\t\t\t<\/div><\/div><\/div><\/div><\/div><\/div><div class=\"panel-grid\" id=\"pg-126-1\" ><div style=\"padding: 100px 0; \" class=\"panel-row-style\" ><div class=\"panel-grid-cell\" id=\"pgc-126-1-0\" ><div class=\"so-panel widget widget_sow-editor panel-first-child panel-last-child\" id=\"panel-126-1-0-0\"><div class=\"wow fadeIn panel-widget-style\" data-wow-offset=\"10\" data-wow-iteration=\"1\" ><div class=\"so-widget-sow-editor so-widget-sow-editor-base\">\n<div class=\"siteorigin-widget-tinymce textwidget\">\n\t<h1><img loading=\"lazy\" class=\"size-full wp-image-129 aligncenter\" src=\"http:\/\/dentalpartenope.it\/wp-content\/uploads\/2016\/03\/impianti.jpg\" alt=\"impianti\" width=\"713\" height=\"250\" srcset=\"https:\/\/dentalpartenope.it\/wp-content\/uploads\/2016\/03\/impianti.jpg 713w, https:\/\/dentalpartenope.it\/wp-content\/uploads\/2016\/03\/impianti-300x105.jpg 300w, https:\/\/dentalpartenope.it\/wp-content\/uploads\/2016\/03\/impianti-230x81.jpg 230w, https:\/\/dentalpartenope.it\/wp-content\/uploads\/2016\/03\/impianti-350x123.jpg 350w\" sizes=\"(max-width: 713px) 100vw, 713px\" \/><\/h1>\n<p style=\"text-align: center;\">\u00a0<\/p>\n<p style=\"text-align: justify;\">Da alcuni anni si \u00e8 sempre pi\u00f9 perfezionata quella specializzazione dell\u2019odontoiatria chiamata implantologia che permette di sostituire denti estratti o mai cresciuti (agenesia) con gli impianti. L\u2019impianto \u00e8 costituito da una vite di titanio che viene inserita nell\u2019osso in sostituzione delle radici di un dente mancante.<\/p>\n<p style=\"text-align: justify;\">L\u2019impianto dopo un certo periodo si salda con l\u2019osso (osteointegra) ed \u00e8 in grado di sostenere un perno e una capsula di ceramica che riproduce in tutto e per tutto l\u2019aspetto di un dente naturale.<\/p>\n<p style=\"text-align: justify;\">Grazie alle tecniche innovative applicate dai dentisti esperti di Dentalpartenope \u00e8 possibile inserire gli impianti, in alcuni casi, subito dopo l\u2019estrazione del dente venendo incontro alle sempre pi\u00f9 sentite esigenze di estetica.<\/p>\n<p style=\"text-align: justify;\">Durante la stessa seduta e in maniera totalmente indolore si possono posizionare anche pi\u00f9 impianti fino a ricostruire una intera arcata. In una o due sedute, denti nuovi e perfettamente stabili!<\/p>\n<p style=\"text-align: justify;\">I Vantaggi degli impianti<\/p>\n<p style=\"text-align: justify;\">Gli impianti dentali possono essere utilizzati per sostituire un singolo dente, pochi denti, o tutti i denti su una o entrambe le arcate della bocca.<br \/>\nGli impianti sono fissi e non si muovono. Pertanto, non vi \u00e8 alcuna protesi mobile come con le dentiere.<br \/>\nI denti sostenuti dagli impianti sono la cosa pi\u00f9 vicina possibile ai denti naturali.<br \/>\nGli impianti dentali consentono di mangiare tutti i cibi proprio come con i denti naturali.<br \/>\nGli impianti dentali hanno dimostrato un'eccellente affidabilit\u00e0, con un tasso di successo del 99%.<br \/>\nGli impianti dentali e i denti nuovi possono essere inseriti senza influire sugli altri denti sani. Questo non \u00e8 vero con ponti tradizionali, che richiedono di limare i denti sani adiacenti per supportare il ponte.<br \/>\nA differenza dei ponti o protesi, gli impianti dentali si fondono con l'osso delle mascelle. Questo non solo fornisce un'ottima stabilit\u00e0, ma previene la perdita ossea e l'atrofia.<br \/>\nGli impianti dentali offrono una soluzione a lungo termine per i vostri problemi dentali, spesso della durata di una vita. I ponti tradizionali di solito devono essere sostituiti, spesso entro cinque anni.<br \/>\nCon gli impianti dentali, si evita il dolore e l'imbarazzo potenziale delle dentiere. Non c'\u00e8 paura di vederle scivolare o cadere, nessuna necessit\u00e0 di evitare attivit\u00e0, nessuna necessit\u00e0 di limitare che cosa o come si mangia, nessun filo in bocca, niente plastica sulle pareti della vostra bocca.<\/p>\n<\/div>\n<\/div><\/div><\/div><\/div><\/div><\/div><\/div>","protected":false},"excerpt":{"rendered":"<p>1 \u00a0 Da alcuni anni si \u00e8 sempre pi\u00f9 perfezionata quella specializzazione dell\u2019odontoiatria chiamata implantologia che permette di sostituire denti estratti o mai cresciuti (agenesia) con gli impianti. L\u2019impianto \u00e8 costituito da una vite di titanio che viene inserita nell\u2019osso in sostituzione delle radici di un dente mancante. L\u2019impianto dopo un certo periodo si salda [&hellip;]<\/p>\n","protected":false},"author":1,"featured_media":0,"parent":0,"menu_order":0,"comment_status":"closed","ping_status":"closed","template":"page-templates\/page_front-page.php","meta":[],"_links":{"self":[{"href":"https:\/\/dentalpartenope.it\/index.php\/wp-json\/wp\/v2\/pages\/126"}],"collection":[{"href":"https:\/\/dentalpartenope.it\/index.php\/wp-json\/wp\/v2\/pages"}],"about":[{"href":"https:\/\/dentalpartenope.it\/index.php\/wp-json\/wp\/v2\/types\/page"}],"author":[{"embeddable":true,"href":"https:\/\/dentalpartenope.it\/index.php\/wp-json\/wp\/v2\/users\/1"}],"replies":[{"embeddable":true,"href":"https:\/\/dentalpartenope.it\/index.php\/wp-json\/wp\/v2\/comments?post=126"}],"version-history":[{"count":4,"href":"https:\/\/dentalpartenope.it\/index.php\/wp-json\/wp\/v2\/pages\/126\/revisions"}],"predecessor-version":[{"id":275,"href":"https:\/\/dentalpartenope.it\/index.php\/wp-json\/wp\/v2\/pages\/126\/revisions\/275"}],"wp:attachment":[{"href":"https:\/\/dentalpartenope.it\/index.php\/wp-json\/wp\/v2\/media?parent=126"}],"curies":[{"name":"wp","href":"https:\/\/api.w.org\/{rel}","templated":true}]}}